{"id":40,"date":"2024-10-21T19:09:52","date_gmt":"2024-10-21T19:09:52","guid":{"rendered":"https:\/\/aiotafrica.org\/?page_id=40"},"modified":"2025-02-11T20:10:49","modified_gmt":"2025-02-11T20:10:49","slug":"activites-et-nouvelles","status":"publish","type":"page","link":"https:\/\/aiotafrica.org\/fr\/activites-et-nouvelles\/","title":{"rendered":"ACTIVIT\u00c9S ET NOUVELLES"},"content":{"rendered":"\t\t<div data-elementor-type=\"wp-page\" data-elementor-id=\"40\" class=\"elementor elementor-40\" data-elementor-post-type=\"page\">\n\t\t\t\t<div class=\"elementor-element elementor-element-009952d e-con-full e-flex e-con e-parent\" data-id=\"009952d\" data-element_type=\"container\" data-e-type=\"container\">\n\t\t<div class=\"elementor-element elementor-element-f5bb91e e-con-full e-flex e-con e-child\" data-id=\"f5bb91e\" data-element_type=\"container\" data-e-type=\"container\">\n\t\t\t\t<div class=\"elementor-element elementor-element-809460e elementor-widget elementor-widget-heading\" data-id=\"809460e\" data-element_type=\"widget\" data-e-type=\"widget\" data-widget_type=\"heading.default\">\n\t\t\t\t<div class=\"elementor-widget-container\">\n\t\t\t\t\t<h5 class=\"elementor-heading-title elementor-size-default\">Une startup kenyane utilise l'IA pour lutter contre la d\u00e9forestation<\/h5>\t\t\t\t<\/div>\n\t\t\t\t<\/div>\n\t\t\t\t<\/div>\n\t\t<div class=\"elementor-element elementor-element-7092240 e-con-full e-flex e-con e-child\" data-id=\"7092240\" data-element_type=\"container\" data-e-type=\"container\">\n\t\t\t\t<div class=\"elementor-element elementor-element-4a02b17 elementor-widget elementor-widget-text-editor\" data-id=\"4a02b17\" data-element_type=\"widget\" data-e-type=\"widget\" data-widget_type=\"text-editor.default\">\n\t\t\t\t<div class=\"elementor-widget-container\">\n\t\t\t\t\t\t\t\t\t<p>La startup kenyane M-Situ utilise l&rsquo;intelligence artificielle pour combattre la d\u00e9forestation. En installant des dispositifs \u00e9quip\u00e9s d&rsquo;IA sur les arbres, ils d\u00e9tectent des menaces telles que les tron\u00e7onneuses ou les incendies et alertent les gardes forestiers par SMS, entra\u00eenant une r\u00e9duction de 47% de l&rsquo;exploitation foresti\u00e8re ill\u00e9gale dans les zones pilotes.<br \/><a style=\"color: #2259a8; text-decoration: underline;\" href=\"https:\/\/elpais.com\/planeta-futuro\/2024-12-20\/puede-la-inteligencia-artificial-made-in-africa-ayudar-a-kenia-a-combatir-la-deforestacion.html?utm_source=chatgpt.com\"><br \/>El Pa\u00eds<br \/><\/a><\/p>\t\t\t\t\t\t\t\t<\/div>\n\t\t\t\t<\/div>\n\t\t\t\t<\/div>\n\t\t<div class=\"elementor-element elementor-element-9090355 e-con-full e-flex e-con e-child\" data-id=\"9090355\" data-element_type=\"container\" data-e-type=\"container\">\n\t\t\t\t<div class=\"elementor-element elementor-element-b09c14e elementor-widget elementor-widget-image\" data-id=\"b09c14e\" data-element_type=\"widget\" data-e-type=\"widget\" data-widget_type=\"image.default\">\n\t\t\t\t<div class=\"elementor-widget-container\">\n\t\t\t\t\t\t\t\t\t\t\t\t\t\t\t<img fetchpriority=\"high\" decoding=\"async\" width=\"800\" height=\"457\" src=\"https:\/\/aiotafrica.org\/wp-content\/uploads\/2025\/01\/Lutte-contre-la-deforestation.png\" class=\"attachment-full size-full wp-image-376\" alt=\"\" srcset=\"https:\/\/aiotafrica.org\/wp-content\/uploads\/2025\/01\/Lutte-contre-la-deforestation.png 800w, https:\/\/aiotafrica.org\/wp-content\/uploads\/2025\/01\/Lutte-contre-la-deforestation-300x171.png 300w, https:\/\/aiotafrica.org\/wp-content\/uploads\/2025\/01\/Lutte-contre-la-deforestation-768x439.png 768w, https:\/\/aiotafrica.org\/wp-content\/uploads\/2025\/01\/Lutte-contre-la-deforestation-18x10.png 18w\" sizes=\"(max-width: 800px) 100vw, 800px\" \/>\t\t\t\t\t\t\t\t\t\t\t\t\t\t\t<\/div>\n\t\t\t\t<\/div>\n\t\t\t\t<\/div>\n\t\t\t\t<\/div>\n\t\t<div class=\"elementor-element elementor-element-3035dc8 e-flex e-con-boxed e-con e-parent\" data-id=\"3035dc8\" data-element_type=\"container\" data-e-type=\"container\">\n\t\t\t\t\t<div class=\"e-con-inner\">\n\t\t\t\t<div class=\"elementor-element elementor-element-1a81369 elementor-widget-divider--view-line elementor-widget elementor-widget-divider\" data-id=\"1a81369\" data-element_type=\"widget\" data-e-type=\"widget\" data-widget_type=\"divider.default\">\n\t\t\t\t<div class=\"elementor-widget-container\">\n\t\t\t\t\t\t\t<div class=\"elementor-divider\">\n\t\t\t<span class=\"elementor-divider-separator\">\n\t\t\t\t\t\t<\/span>\n\t\t<\/div>\n\t\t\t\t\t\t<\/div>\n\t\t\t\t<\/div>\n\t\t\t\t\t<\/div>\n\t\t\t\t<\/div>\n\t\t<div class=\"elementor-element elementor-element-7b86e31 e-con-full e-flex e-con e-parent\" data-id=\"7b86e31\" data-element_type=\"container\" data-e-type=\"container\">\n\t\t<div class=\"elementor-element elementor-element-acf7f18 e-con-full e-flex e-con e-child\" data-id=\"acf7f18\" data-element_type=\"container\" data-e-type=\"container\">\n\t\t\t\t<div class=\"elementor-element elementor-element-0de88fb elementor-widget elementor-widget-heading\" data-id=\"0de88fb\" data-element_type=\"widget\" data-e-type=\"widget\" data-widget_type=\"heading.default\">\n\t\t\t\t<div class=\"elementor-widget-container\">\n\t\t\t\t\t<h5 class=\"elementor-heading-title elementor-size-default\">MTN s'associe \u00e0 China Telecom et Huawei pour le 5G et l'IA<\/h5>\t\t\t\t<\/div>\n\t\t\t\t<\/div>\n\t\t\t\t<\/div>\n\t\t<div class=\"elementor-element elementor-element-c1973ec e-con-full e-flex e-con e-child\" data-id=\"c1973ec\" data-element_type=\"container\" data-e-type=\"container\">\n\t\t\t\t<div class=\"elementor-element elementor-element-8d8d488 elementor-widget elementor-widget-text-editor\" data-id=\"8d8d488\" data-element_type=\"widget\" data-e-type=\"widget\" data-widget_type=\"text-editor.default\">\n\t\t\t\t<div class=\"elementor-widget-container\">\n\t\t\t\t\t\t\t\t\t<p>MTN Afrique du Sud a sign\u00e9 un protocole d&rsquo;accord avec China Telecom et Huawei pour am\u00e9liorer leurs offres en mati\u00e8re de 5G, cloud, IA et solutions commerciales. Ce partenariat vise \u00e0 renforcer le d\u00e9veloppement des infrastructures num\u00e9riques \u00e0 travers l&rsquo;Afrique, ouvrant la voie \u00e0 de nouvelles opportunit\u00e9s commerciales et avanc\u00e9es technologiques, y compris l&rsquo;Internet des objets (IoT).<br \/><a style=\"color: #2259a8; text-decoration: underline;\" href=\"https:\/\/www.reuters.com\/business\/media-telecom\/safricas-mtn-teams-up-with-china-telecom-huawei-5g-ai-2024-11-26\/?utm_source=chatgpt.com\"><br \/>Reuters<br \/><\/a><\/p>\t\t\t\t\t\t\t\t<\/div>\n\t\t\t\t<\/div>\n\t\t\t\t<\/div>\n\t\t<div class=\"elementor-element elementor-element-a4236dd e-con-full e-flex e-con e-child\" data-id=\"a4236dd\" data-element_type=\"container\" data-e-type=\"container\">\n\t\t\t\t<div class=\"elementor-element elementor-element-b0c1d53 elementor-widget elementor-widget-image\" data-id=\"b0c1d53\" data-element_type=\"widget\" data-e-type=\"widget\" data-widget_type=\"image.default\">\n\t\t\t\t<div class=\"elementor-widget-container\">\n\t\t\t\t\t\t\t\t\t\t\t\t\t\t\t<img decoding=\"async\" width=\"800\" height=\"457\" src=\"https:\/\/aiotafrica.org\/wp-content\/uploads\/2025\/01\/mtn-china-telecom-huawei-5g-ia.png\" class=\"attachment-full size-full wp-image-375\" alt=\"mtn-china-telecom-huawei-5g-ia\" srcset=\"https:\/\/aiotafrica.org\/wp-content\/uploads\/2025\/01\/mtn-china-telecom-huawei-5g-ia.png 800w, https:\/\/aiotafrica.org\/wp-content\/uploads\/2025\/01\/mtn-china-telecom-huawei-5g-ia-300x171.png 300w, https:\/\/aiotafrica.org\/wp-content\/uploads\/2025\/01\/mtn-china-telecom-huawei-5g-ia-768x439.png 768w, https:\/\/aiotafrica.org\/wp-content\/uploads\/2025\/01\/mtn-china-telecom-huawei-5g-ia-18x10.png 18w\" sizes=\"(max-width: 800px) 100vw, 800px\" \/>\t\t\t\t\t\t\t\t\t\t\t\t\t\t\t<\/div>\n\t\t\t\t<\/div>\n\t\t\t\t<\/div>\n\t\t\t\t<\/div>\n\t\t<div class=\"elementor-element elementor-element-2d943e0 e-flex e-con-boxed e-con e-parent\" data-id=\"2d943e0\" data-element_type=\"container\" data-e-type=\"container\">\n\t\t\t\t\t<div class=\"e-con-inner\">\n\t\t\t\t<div class=\"elementor-element elementor-element-379e1ec elementor-widget-divider--view-line elementor-widget elementor-widget-divider\" data-id=\"379e1ec\" data-element_type=\"widget\" data-e-type=\"widget\" data-widget_type=\"divider.default\">\n\t\t\t\t<div class=\"elementor-widget-container\">\n\t\t\t\t\t\t\t<div class=\"elementor-divider\">\n\t\t\t<span class=\"elementor-divider-separator\">\n\t\t\t\t\t\t<\/span>\n\t\t<\/div>\n\t\t\t\t\t\t<\/div>\n\t\t\t\t<\/div>\n\t\t\t\t\t<\/div>\n\t\t\t\t<\/div>\n\t\t<div class=\"elementor-element elementor-element-bc68465 e-con-full e-flex e-con e-parent\" data-id=\"bc68465\" data-element_type=\"container\" data-e-type=\"container\">\n\t\t<div class=\"elementor-element elementor-element-72794a3 e-con-full e-flex e-con e-child\" data-id=\"72794a3\" data-element_type=\"container\" data-e-type=\"container\">\n\t\t\t\t<div class=\"elementor-element elementor-element-a05f08d elementor-widget elementor-widget-heading\" data-id=\"a05f08d\" data-element_type=\"widget\" data-e-type=\"widget\" data-widget_type=\"heading.default\">\n\t\t\t\t<div class=\"elementor-widget-container\">\n\t\t\t\t\t<h5 class=\"elementor-heading-title elementor-size-default\">Le Nigeria va \u00e9tablir des centres de recherche en IA, IoT et blockchain<\/h5>\t\t\t\t<\/div>\n\t\t\t\t<\/div>\n\t\t\t\t<\/div>\n\t\t<div class=\"elementor-element elementor-element-f28d644 e-con-full e-flex e-con e-child\" data-id=\"f28d644\" data-element_type=\"container\" data-e-type=\"container\">\n\t\t\t\t<div class=\"elementor-element elementor-element-e354776 elementor-widget elementor-widget-text-editor\" data-id=\"e354776\" data-element_type=\"widget\" data-e-type=\"widget\" data-widget_type=\"text-editor.default\">\n\t\t\t\t<div class=\"elementor-widget-container\">\n\t\t\t\t\t\t\t\t\tL&rsquo;agence nationale de d\u00e9veloppement des technologies de l&rsquo;information (NITDA) du Nigeria pr\u00e9voit de cr\u00e9er des centres de recherche pour les technologies \u00e9mergentes, y compris l&rsquo;intelligence artificielle (IA), l&rsquo;Internet des objets (IoT) et la blockchain, dans les six zones g\u00e9opolitiques. Cette initiative vise \u00e0 encourager le d\u00e9veloppement et \u00e0 cr\u00e9er des environnements d&rsquo;innovation pour les startups locales.\n<a style=\"color: #2259a8; text-decoration: underline;\" href=\"https:\/\/techreport.co.za\/2024\/07\/05\/nigeria-to-establish-ai-iot-blockchain-research-centres-across-the-six-geopolitical-zones\/?utm_source=chatgpt.com\">\nTechreport\n<\/a>\t\t\t\t\t\t\t\t<\/div>\n\t\t\t\t<\/div>\n\t\t\t\t<\/div>\n\t\t<div class=\"elementor-element elementor-element-c213d5a e-con-full e-flex e-con e-child\" data-id=\"c213d5a\" data-element_type=\"container\" data-e-type=\"container\">\n\t\t\t\t<div class=\"elementor-element elementor-element-d53021e elementor-widget elementor-widget-image\" data-id=\"d53021e\" data-element_type=\"widget\" data-e-type=\"widget\" data-widget_type=\"image.default\">\n\t\t\t\t<div class=\"elementor-widget-container\">\n\t\t\t\t\t\t\t\t\t\t\t\t\t\t\t<img decoding=\"async\" width=\"800\" height=\"457\" src=\"https:\/\/aiotafrica.org\/wp-content\/uploads\/2025\/01\/nigeria-centres-recherche-ia-iot-blockchain-1.png\" class=\"attachment-full size-full wp-image-554\" alt=\"nigeria-centres-recherche-ia-iot-blockchain\" srcset=\"https:\/\/aiotafrica.org\/wp-content\/uploads\/2025\/01\/nigeria-centres-recherche-ia-iot-blockchain-1.png 800w, https:\/\/aiotafrica.org\/wp-content\/uploads\/2025\/01\/nigeria-centres-recherche-ia-iot-blockchain-1-300x171.png 300w, https:\/\/aiotafrica.org\/wp-content\/uploads\/2025\/01\/nigeria-centres-recherche-ia-iot-blockchain-1-768x439.png 768w, https:\/\/aiotafrica.org\/wp-content\/uploads\/2025\/01\/nigeria-centres-recherche-ia-iot-blockchain-1-18x10.png 18w\" sizes=\"(max-width: 800px) 100vw, 800px\" \/>\t\t\t\t\t\t\t\t\t\t\t\t\t\t\t<\/div>\n\t\t\t\t<\/div>\n\t\t\t\t<\/div>\n\t\t\t\t<\/div>\n\t\t<div class=\"elementor-element elementor-element-8bdb858 e-flex e-con-boxed e-con e-parent\" data-id=\"8bdb858\" data-element_type=\"container\" data-e-type=\"container\">\n\t\t\t\t\t<div class=\"e-con-inner\">\n\t\t\t\t<div class=\"elementor-element elementor-element-7e7ed8d elementor-widget-divider--view-line elementor-widget elementor-widget-divider\" data-id=\"7e7ed8d\" data-element_type=\"widget\" data-e-type=\"widget\" data-widget_type=\"divider.default\">\n\t\t\t\t<div class=\"elementor-widget-container\">\n\t\t\t\t\t\t\t<div class=\"elementor-divider\">\n\t\t\t<span class=\"elementor-divider-separator\">\n\t\t\t\t\t\t<\/span>\n\t\t<\/div>\n\t\t\t\t\t\t<\/div>\n\t\t\t\t<\/div>\n\t\t\t\t\t<\/div>\n\t\t\t\t<\/div>\n\t\t<div class=\"elementor-element elementor-element-2f50d9a e-con-full e-flex e-con e-parent\" data-id=\"2f50d9a\" data-element_type=\"container\" data-e-type=\"container\">\n\t\t<div class=\"elementor-element elementor-element-4f6ef03 e-con-full e-flex e-con e-child\" data-id=\"4f6ef03\" data-element_type=\"container\" data-e-type=\"container\">\n\t\t\t\t<div class=\"elementor-element elementor-element-ce3f015 elementor-widget elementor-widget-heading\" data-id=\"ce3f015\" data-element_type=\"widget\" data-e-type=\"widget\" data-widget_type=\"heading.default\">\n\t\t\t\t<div class=\"elementor-widget-container\">\n\t\t\t\t\t<h5 class=\"elementor-heading-title elementor-size-default\">L'Afrique du Sud pionni\u00e8re de l'exploitation mini\u00e8re intelligente r\u00e9volutionn\u00e9e par l'IA<\/h5>\t\t\t\t<\/div>\n\t\t\t\t<\/div>\n\t\t\t\t<\/div>\n\t\t<div class=\"elementor-element elementor-element-0945611 e-con-full e-flex e-con e-child\" data-id=\"0945611\" data-element_type=\"container\" data-e-type=\"container\">\n\t\t\t\t<div class=\"elementor-element elementor-element-50c55b2 elementor-widget elementor-widget-text-editor\" data-id=\"50c55b2\" data-element_type=\"widget\" data-e-type=\"widget\" data-widget_type=\"text-editor.default\">\n\t\t\t\t<div class=\"elementor-widget-container\">\n\t\t\t\t\t\t\t\t\tL&rsquo;Afrique du Sud est \u00e0 la pointe de l&rsquo;adoption des technologies d&rsquo;intelligence artificielle (IA) et de l&rsquo;Internet des objets (IoT) dans le secteur minier. Des innovations comme la plateforme SmartMine IoT am\u00e9liorent la productivit\u00e9 et la s\u00e9curit\u00e9, positionnant le pays \u00e0 l&rsquo;avant-garde de l&rsquo;exploitation mini\u00e8re am\u00e9lior\u00e9e par l&rsquo;IAoT en Afrique.<\/br>\n<a style=\"color: #2259a8; text-decoration: underline;\" href=\"https:\/\/iotnews.co.za\/south-africa-pioneering-ai-revolutionised-smart-mining-in-africa\/?utm_source=chatgpt.com\">\nIOT News &#8211; Internet of Things\n<\/a>\n\t\t\t\t\t\t\t\t<\/div>\n\t\t\t\t<\/div>\n\t\t\t\t<\/div>\n\t\t<div class=\"elementor-element elementor-element-ec0ccf6 e-con-full e-flex e-con e-child\" data-id=\"ec0ccf6\" data-element_type=\"container\" data-e-type=\"container\">\n\t\t\t\t<div class=\"elementor-element elementor-element-99a7d44 elementor-widget elementor-widget-image\" data-id=\"99a7d44\" data-element_type=\"widget\" data-e-type=\"widget\" data-widget_type=\"image.default\">\n\t\t\t\t<div class=\"elementor-widget-container\">\n\t\t\t\t\t\t\t\t\t\t\t\t\t\t\t<img loading=\"lazy\" decoding=\"async\" width=\"800\" height=\"457\" src=\"https:\/\/aiotafrica.org\/wp-content\/uploads\/2025\/01\/AIoT-Africa-1.png\" class=\"attachment-full size-full wp-image-880\" alt=\"AIoT Africa\" srcset=\"https:\/\/aiotafrica.org\/wp-content\/uploads\/2025\/01\/AIoT-Africa-1.png 800w, https:\/\/aiotafrica.org\/wp-content\/uploads\/2025\/01\/AIoT-Africa-1-300x171.png 300w, https:\/\/aiotafrica.org\/wp-content\/uploads\/2025\/01\/AIoT-Africa-1-768x439.png 768w, https:\/\/aiotafrica.org\/wp-content\/uploads\/2025\/01\/AIoT-Africa-1-18x10.png 18w\" sizes=\"(max-width: 800px) 100vw, 800px\" \/>\t\t\t\t\t\t\t\t\t\t\t\t\t\t\t<\/div>\n\t\t\t\t<\/div>\n\t\t\t\t<\/div>\n\t\t\t\t<\/div>\n\t\t<div class=\"elementor-element elementor-element-77e0532 e-flex e-con-boxed e-con e-parent\" data-id=\"77e0532\" data-element_type=\"container\" data-e-type=\"container\">\n\t\t\t\t\t<div class=\"e-con-inner\">\n\t\t\t\t<div class=\"elementor-element elementor-element-2120bb0 elementor-widget-divider--view-line elementor-widget elementor-widget-divider\" data-id=\"2120bb0\" data-element_type=\"widget\" data-e-type=\"widget\" data-widget_type=\"divider.default\">\n\t\t\t\t<div class=\"elementor-widget-container\">\n\t\t\t\t\t\t\t<div class=\"elementor-divider\">\n\t\t\t<span class=\"elementor-divider-separator\">\n\t\t\t\t\t\t<\/span>\n\t\t<\/div>\n\t\t\t\t\t\t<\/div>\n\t\t\t\t<\/div>\n\t\t\t\t\t<\/div>\n\t\t\t\t<\/div>\n\t\t<div class=\"elementor-element elementor-element-f5815f2 e-con-full e-flex e-con e-parent\" data-id=\"f5815f2\" data-element_type=\"container\" data-e-type=\"container\">\n\t\t<div class=\"elementor-element elementor-element-e9a0c7d e-con-full e-flex e-con e-child\" data-id=\"e9a0c7d\" data-element_type=\"container\" data-e-type=\"container\">\n\t\t\t\t<div class=\"elementor-element elementor-element-280d3a6 elementor-widget elementor-widget-heading\" data-id=\"280d3a6\" data-element_type=\"widget\" data-e-type=\"widget\" data-widget_type=\"heading.default\">\n\t\t\t\t<div class=\"elementor-widget-container\">\n\t\t\t\t\t<h5 class=\"elementor-heading-title elementor-size-default\">Flex Group obtient la certification GSMA<\/h5>\t\t\t\t<\/div>\n\t\t\t\t<\/div>\n\t\t\t\t<\/div>\n\t\t<div class=\"elementor-element elementor-element-6a8e855 e-con-full e-flex e-con e-child\" data-id=\"6a8e855\" data-element_type=\"container\" data-e-type=\"container\">\n\t\t\t\t<div class=\"elementor-element elementor-element-cb68631 elementor-widget elementor-widget-text-editor\" data-id=\"cb68631\" data-element_type=\"widget\" data-e-type=\"widget\" data-widget_type=\"text-editor.default\">\n\t\t\t\t<div class=\"elementor-widget-container\">\n\t\t\t\t\t\t\t\t\tFlex Group, une entreprise technologique canadienne sp\u00e9cialis\u00e9e dans les solutions de t\u00e9l\u00e9communications, a obtenu la certification des eSIM par GSMA, renfor\u00e7ant son engagement envers l&rsquo;excellence et la s\u00e9curit\u00e9 des transactions mobiles. Cette certification consolide la position de Flex Group en tant que partenaire de confiance pour les op\u00e9rateurs de t\u00e9l\u00e9communications, les secteurs gouvernementaux et les institutions financi\u00e8res \u00e0 travers le monde.<\/br>\n<a style=\"color: #2259a8; text-decoration: underline;\" href=\"https:\/\/flexgroups.com\/en\/about-us\/?utm_source=chatgpt.com\">\nFlex Groups\n<\/a>\t\t\t\t\t\t\t\t<\/div>\n\t\t\t\t<\/div>\n\t\t\t\t<\/div>\n\t\t<div class=\"elementor-element elementor-element-f6b4fea e-con-full e-flex e-con e-child\" data-id=\"f6b4fea\" data-element_type=\"container\" data-e-type=\"container\">\n\t\t\t\t<div class=\"elementor-element elementor-element-1d8d724 elementor-widget elementor-widget-image\" data-id=\"1d8d724\" data-element_type=\"widget\" data-e-type=\"widget\" data-widget_type=\"image.default\">\n\t\t\t\t<div class=\"elementor-widget-container\">\n\t\t\t\t\t\t\t\t\t\t\t\t\t\t\t<img loading=\"lazy\" decoding=\"async\" width=\"800\" height=\"457\" src=\"https:\/\/aiotafrica.org\/wp-content\/uploads\/2025\/01\/flexgroup-gsma-certification.png\" class=\"attachment-full size-full wp-image-411\" alt=\"flexgroup-gsma-certification\" srcset=\"https:\/\/aiotafrica.org\/wp-content\/uploads\/2025\/01\/flexgroup-gsma-certification.png 800w, https:\/\/aiotafrica.org\/wp-content\/uploads\/2025\/01\/flexgroup-gsma-certification-300x171.png 300w, https:\/\/aiotafrica.org\/wp-content\/uploads\/2025\/01\/flexgroup-gsma-certification-768x439.png 768w, https:\/\/aiotafrica.org\/wp-content\/uploads\/2025\/01\/flexgroup-gsma-certification-18x10.png 18w\" sizes=\"(max-width: 800px) 100vw, 800px\" \/>\t\t\t\t\t\t\t\t\t\t\t\t\t\t\t<\/div>\n\t\t\t\t<\/div>\n\t\t\t\t<\/div>\n\t\t\t\t<\/div>\n\t\t\t\t<\/div>\n\t\t","protected":false},"excerpt":{"rendered":"<p>Une startup kenyane utilise l&rsquo;IA pour lutter contre la d\u00e9forestation La startup kenyane M-Situ utilise l&rsquo;intelligence artificielle pour combattre la [&hellip;]<\/p>\n","protected":false},"author":1,"featured_media":0,"parent":0,"menu_order":0,"comment_status":"closed","ping_status":"closed","template":"","meta":{"_coblocks_attr":"","_coblocks_dimensions":"","_coblocks_responsive_height":"","_coblocks_accordion_ie_support":"","site-sidebar-layout":"no-sidebar","site-content-layout":"","ast-site-content-layout":"full-width-container","site-content-style":"default","site-sidebar-style":"default","ast-global-header-display":"","ast-banner-title-visibility":"","ast-main-header-display":"","ast-hfb-above-header-display":"","ast-hfb-below-header-display":"","ast-hfb-mobile-header-display":"","site-post-title":"disabled","ast-breadcrumbs-content":"","ast-featured-img":"disabled","footer-sml-layout":"","ast-disable-related-posts":"","theme-transparent-header-meta":"","adv-header-id-meta":"","stick-header-meta":"","header-above-stick-meta":"","header-main-stick-meta":"","header-below-stick-meta":"","astra-migrate-meta-layouts":"default","ast-page-background-enabled":"default","ast-page-background-meta":{"desktop":{"background-color":"var(--ast-global-color-4)","background-image":"","background-repeat":"repeat","background-position":"center center","background-size":"auto","background-attachment":"scroll","background-type":"","background-media":"","overlay-type":"","overlay-color":"","overlay-opacity":"","overlay-gradient":""},"tablet":{"background-color":"","background-image":"","background-repeat":"repeat","background-position":"center center","background-size":"auto","background-attachment":"scroll","background-type":"","background-media":"","overlay-type":"","overlay-color":"","overlay-opacity":"","overlay-gradient":""},"mobile":{"background-color":"","background-image":"","background-repeat":"repeat","background-position":"center center","background-size":"auto","background-attachment":"scroll","background-type":"","background-media":"","overlay-type":"","overlay-color":"","overlay-opacity":"","overlay-gradient":""}},"ast-content-background-meta":{"desktop":{"background-color":"var(--ast-global-color-5)","background-image":"","background-repeat":"repeat","background-position":"center center","background-size":"auto","background-attachment":"scroll","background-type":"","background-media":"","overlay-type":"","overlay-color":"","overlay-opacity":"","overlay-gradient":""},"tablet":{"background-color":"var(--ast-global-color-5)","background-image":"","background-repeat":"repeat","background-position":"center center","background-size":"auto","background-attachment":"scroll","background-type":"","background-media":"","overlay-type":"","overlay-color":"","overlay-opacity":"","overlay-gradient":""},"mobile":{"background-color":"var(--ast-global-color-5)","background-image":"","background-repeat":"repeat","background-position":"center center","background-size":"auto","background-attachment":"scroll","background-type":"","background-media":"","overlay-type":"","overlay-color":"","overlay-opacity":"","overlay-gradient":""}},"footnotes":""},"class_list":["post-40","page","type-page","status-publish","hentry"],"_links":{"self":[{"href":"https:\/\/aiotafrica.org\/fr\/wp-json\/wp\/v2\/pages\/40","targetHints":{"allow":["GET"]}}],"collection":[{"href":"https:\/\/aiotafrica.org\/fr\/wp-json\/wp\/v2\/pages"}],"about":[{"href":"https:\/\/aiotafrica.org\/fr\/wp-json\/wp\/v2\/types\/page"}],"author":[{"embeddable":true,"href":"https:\/\/aiotafrica.org\/fr\/wp-json\/wp\/v2\/users\/1"}],"replies":[{"embeddable":true,"href":"https:\/\/aiotafrica.org\/fr\/wp-json\/wp\/v2\/comments?post=40"}],"version-history":[{"count":196,"href":"https:\/\/aiotafrica.org\/fr\/wp-json\/wp\/v2\/pages\/40\/revisions"}],"predecessor-version":[{"id":1830,"href":"https:\/\/aiotafrica.org\/fr\/wp-json\/wp\/v2\/pages\/40\/revisions\/1830"}],"wp:attachment":[{"href":"https:\/\/aiotafrica.org\/fr\/wp-json\/wp\/v2\/media?parent=40"}],"curies":[{"name":"wp","href":"https:\/\/api.w.org\/{rel}","templated":true}]}}