{"id":47,"date":"2024-10-21T19:13:27","date_gmt":"2024-10-21T19:13:27","guid":{"rendered":"https:\/\/aiotafrica.org\/?page_id=47"},"modified":"2025-02-11T20:41:40","modified_gmt":"2025-02-11T20:41:40","slug":"adhesion-et-partenaires","status":"publish","type":"page","link":"https:\/\/aiotafrica.org\/en\/adhesion-et-partenaires\/","title":{"rendered":"ADH\u00c9SION ET PARTENAIRES"},"content":{"rendered":"<div data-elementor-type=\"wp-page\" data-elementor-id=\"47\" class=\"elementor elementor-47\" data-elementor-post-type=\"page\">\n\t\t\t\t<div class=\"elementor-element elementor-element-78cb0a7 e-flex e-con-boxed e-con e-parent\" data-id=\"78cb0a7\" data-element_type=\"container\" data-e-type=\"container\">\n\t\t\t\t\t<div class=\"e-con-inner\">\n\t\t\t\t<div class=\"elementor-element elementor-element-658f630 elementor-mobile-align-center elementor-invisible elementor-widget elementor-widget-button\" data-id=\"658f630\" data-element_type=\"widget\" data-e-type=\"widget\" data-settings=\"{&quot;_animation&quot;:&quot;flash&quot;}\" data-widget_type=\"button.default\">\n\t\t\t\t<div class=\"elementor-widget-container\">\n\t\t\t\t\t\t\t\t\t<div class=\"elementor-button-wrapper\">\n\t\t\t\t\t<a class=\"elementor-button elementor-button-link elementor-size-sm\" href=\"https:\/\/aiot-africa.odoo.com\" id=\"Inscription\">\n\t\t\t\t\t\t<span class=\"elementor-button-content-wrapper\">\n\t\t\t\t\t\t\t\t\t<span class=\"elementor-button-text\">registration<\/span>\n\t\t\t\t\t<\/span>\n\t\t\t\t\t<\/a>\n\t\t\t\t<\/div>\n\t\t\t\t\t\t\t\t<\/div>\n\t\t\t\t<\/div>\n\t\t\t\t\t<\/div>\n\t\t\t\t<\/div>\n\t\t<div class=\"elementor-element elementor-element-6d4975a e-flex e-con-boxed e-con e-parent\" data-id=\"6d4975a\" data-element_type=\"container\" data-e-type=\"container\">\n\t\t\t\t\t<div class=\"e-con-inner\">\n\t\t\t\t<div class=\"elementor-element elementor-element-506663a elementor-widget elementor-widget-heading\" data-id=\"506663a\" data-element_type=\"widget\" data-e-type=\"widget\" data-widget_type=\"heading.default\">\n\t\t\t\t<div class=\"elementor-widget-container\">\n\t\t\t\t\t<h2 class=\"elementor-heading-title elementor-size-default\">Joining AIoT Africa<\/h2>\t\t\t\t<\/div>\n\t\t\t\t<\/div>\n\t\t\t\t\t<\/div>\n\t\t\t\t<\/div>\n\t\t<div class=\"elementor-element elementor-element-f193841 e-flex e-con-boxed e-con e-parent\" data-id=\"f193841\" data-element_type=\"container\" data-e-type=\"container\">\n\t\t\t\t\t<div class=\"e-con-inner\">\n\t\t\t\t<div class=\"elementor-element elementor-element-349cc7e elementor-widget elementor-widget-text-editor\" data-id=\"349cc7e\" data-element_type=\"widget\" data-e-type=\"widget\" data-widget_type=\"text-editor.default\">\n\t\t\t\t<div class=\"elementor-widget-container\">\n\t\t\t\t\t\t\t\t\t<p><span style=\"font-weight: 400;\">Membership is open to everyone.<\/span><span style=\"font-weight: 400;\">The base price is 300 Moroccan dirhams for annual membership to the Moroccan chapter of the association AIoT Africa.<\/span><br \/><span style=\"font-weight: 400;\">For members of the academic community (professors and students), membership costs 100 Moroccan dirhams. We will use the academic email address to validate membership.<\/span><br \/><span style=\"font-weight: 400;\">Membership for companies is 1500 dirhams. It includes registration for all employees (up to 10 people) as well as benefits specific to corporate members, such as increased visibility within the AIoT community, privileged access to events and training, and opportunities to network with key players in the sector.<\/span><\/p>\t\t\t\t\t\t\t\t<\/div>\n\t\t\t\t<\/div>\n\t\t\t\t\t<\/div>\n\t\t\t\t<\/div>\n\t\t<div class=\"elementor-element elementor-element-529c074 e-flex e-con-boxed e-con e-parent\" data-id=\"529c074\" data-element_type=\"container\" data-e-type=\"container\">\n\t\t\t\t\t<div class=\"e-con-inner\">\n\t\t<div class=\"elementor-element elementor-element-45a37ec e-con-full e-flex e-con e-child\" data-id=\"45a37ec\" data-element_type=\"container\" data-e-type=\"container\">\n\t\t\t\t<div class=\"elementor-element elementor-element-61b9013 elementor-widget elementor-widget-heading\" data-id=\"61b9013\" data-element_type=\"widget\" data-e-type=\"widget\" data-widget_type=\"heading.default\">\n\t\t\t\t<div class=\"elementor-widget-container\">\n\t\t\t\t\t<h2 class=\"elementor-heading-title elementor-size-default\">Membership procedure: <\/h2>\t\t\t\t<\/div>\n\t\t\t\t<\/div>\n\t\t\t\t<\/div>\n\t\t<div class=\"elementor-element elementor-element-2fce0dd e-con-full e-flex e-con e-child\" data-id=\"2fce0dd\" data-element_type=\"container\" data-e-type=\"container\">\n\t\t\t\t<div class=\"elementor-element elementor-element-3e40859 elementor-icon-list--layout-traditional elementor-list-item-link-full_width elementor-widget elementor-widget-icon-list\" data-id=\"3e40859\" data-element_type=\"widget\" data-e-type=\"widget\" data-widget_type=\"icon-list.default\">\n\t\t\t\t<div class=\"elementor-widget-container\">\n\t\t\t\t\t\t\t<ul class=\"elementor-icon-list-items\">\n\t\t\t\t\t\t\t<li class=\"elementor-icon-list-item\">\n\t\t\t\t\t\t\t\t\t\t<span class=\"elementor-icon-list-text\">1- Click the register button.<\/span>\n\t\t\t\t\t\t\t\t\t<\/li>\n\t\t\t\t\t\t\t\t<li class=\"elementor-icon-list-item\">\n\t\t\t\t\t\t\t\t\t\t<span class=\"elementor-icon-list-text\"> 2- Accept the terms and conditions of membership and the use of your data.<\/span>\n\t\t\t\t\t\t\t\t\t<\/li>\n\t\t\t\t\t\t\t\t<li class=\"elementor-icon-list-item\">\n\t\t\t\t\t\t\t\t\t\t<span class=\"elementor-icon-list-text\"> 3- Fill in your personal information (first name, email, contact details). Please use your academic address for academic membership.<\/span>\n\t\t\t\t\t\t\t\t\t<\/li>\n\t\t\t\t\t\t\t\t<li class=\"elementor-icon-list-item\">\n\t\t\t\t\t\t\t\t\t\t<span class=\"elementor-icon-list-text\"> 4- If you are not based in Morocco, other currencies will be offered as a payment option.<\/span>\n\t\t\t\t\t\t\t\t\t<\/li>\n\t\t\t\t\t\t<\/ul>\n\t\t\t\t\t\t<\/div>\n\t\t\t\t<\/div>\n\t\t\t\t<div class=\"elementor-element elementor-element-21c4a2f elementor-widget elementor-widget-text-editor\" data-id=\"21c4a2f\" data-element_type=\"widget\" data-e-type=\"widget\" data-widget_type=\"text-editor.default\">\n\t\t\t\t<div class=\"elementor-widget-container\">\n\t\t\t\t\t\t\t\t\t<p><span style=\"font-weight: 400;\">You will receive an email confirming your request as well as an invoice. Several payment methods will be offered, including cheques and bank transfers. Upon receipt of payment, you will receive a confirmation with a membership number. A renewal reminder will be automatically sent to you 11 months after your registration to extend your membership.<\/span><\/p>\t\t\t\t\t\t\t\t<\/div>\n\t\t\t\t<\/div>\n\t\t\t\t<\/div>\n\t\t\t\t\t<\/div>\n\t\t\t\t<\/div>\n\t\t<div class=\"elementor-element elementor-element-538bb24 e-flex e-con-boxed e-con e-parent\" data-id=\"538bb24\" data-element_type=\"container\" data-e-type=\"container\">\n\t\t\t\t\t<div class=\"e-con-inner\">\n\t\t\t\t<div class=\"elementor-element elementor-element-44ecf13 elementor-mobile-align-center elementor-invisible elementor-widget elementor-widget-button\" data-id=\"44ecf13\" data-element_type=\"widget\" data-e-type=\"widget\" data-settings=\"{&quot;_animation&quot;:&quot;flash&quot;}\" data-widget_type=\"button.default\">\n\t\t\t\t<div class=\"elementor-widget-container\">\n\t\t\t\t\t\t\t\t\t<div class=\"elementor-button-wrapper\">\n\t\t\t\t\t<a class=\"elementor-button elementor-button-link elementor-size-sm\" href=\"https:\/\/aiot-africa.odoo.com\" id=\"Inscription\">\n\t\t\t\t\t\t<span class=\"elementor-button-content-wrapper\">\n\t\t\t\t\t\t\t\t\t<span class=\"elementor-button-text\">registration<\/span>\n\t\t\t\t\t<\/span>\n\t\t\t\t\t<\/a>\n\t\t\t\t<\/div>\n\t\t\t\t\t\t\t\t<\/div>\n\t\t\t\t<\/div>\n\t\t\t\t\t<\/div>\n\t\t\t\t<\/div>\n\t\t<div class=\"elementor-element elementor-element-772decc e-flex e-con-boxed e-con e-parent\" data-id=\"772decc\" data-element_type=\"container\" data-e-type=\"container\">\n\t\t\t\t\t<div class=\"e-con-inner\">\n\t\t<div class=\"elementor-element elementor-element-cf86698 e-con-full e-flex e-con e-child\" data-id=\"cf86698\" data-element_type=\"container\" data-e-type=\"container\">\n\t\t\t\t<div class=\"elementor-element elementor-element-3afec16 elementor-widget elementor-widget-heading\" data-id=\"3afec16\" data-element_type=\"widget\" data-e-type=\"widget\" data-widget_type=\"heading.default\">\n\t\t\t\t<div class=\"elementor-widget-container\">\n\t\t\t\t\t<h2 class=\"elementor-heading-title elementor-size-default\">Special membership <\/h2>\t\t\t\t<\/div>\n\t\t\t\t<\/div>\n\t\t\t\t<\/div>\n\t\t<div class=\"elementor-element elementor-element-7f0d748 e-con-full e-flex e-con e-child\" data-id=\"7f0d748\" data-element_type=\"container\" data-e-type=\"container\">\n\t\t\t\t<div class=\"elementor-element elementor-element-3092c3b elementor-widget elementor-widget-text-editor\" data-id=\"3092c3b\" data-element_type=\"widget\" data-e-type=\"widget\" data-widget_type=\"text-editor.default\">\n\t\t\t\t<div class=\"elementor-widget-container\">\n\t\t\t\t\t\t\t\t\t<p><span style=\"font-weight: 400;\">Reserved for players in the AIoT industry. As a non-profit organization, we are open to sponsors. These special memberships offer unique benefits, such as a leadership role within the organization, exceptional visibility and rewarding privileges. If you are interested, contact us to learn about the different membership levels available and associated benefits.<\/span><\/p>\t\t\t\t\t\t\t\t<\/div>\n\t\t\t\t<\/div>\n\t\t\t\t<\/div>\n\t\t\t\t\t<\/div>\n\t\t\t\t<\/div>\n\t\t<div class=\"elementor-element elementor-element-c2669df e-flex e-con-boxed e-con e-parent\" data-id=\"c2669df\" data-element_type=\"container\" data-e-type=\"container\">\n\t\t\t\t\t<div class=\"e-con-inner\">\n\t\t<div class=\"elementor-element elementor-element-9861e78 e-con-full e-flex e-con e-child\" data-id=\"9861e78\" data-element_type=\"container\" data-e-type=\"container\">\n\t\t\t\t<div class=\"elementor-element elementor-element-c1b37f3 elementor-widget elementor-widget-heading\" data-id=\"c1b37f3\" data-element_type=\"widget\" data-e-type=\"widget\" data-widget_type=\"heading.default\">\n\t\t\t\t<div class=\"elementor-widget-container\">\n\t\t\t\t\t<h2 class=\"elementor-heading-title elementor-size-default\">National membership <\/h2>\t\t\t\t<\/div>\n\t\t\t\t<\/div>\n\t\t\t\t<\/div>\n\t\t<div class=\"elementor-element elementor-element-02da9ab e-con-full e-flex e-con e-child\" data-id=\"02da9ab\" data-element_type=\"container\" data-e-type=\"container\">\n\t\t\t\t<div class=\"elementor-element elementor-element-8e811c9 elementor-widget elementor-widget-text-editor\" data-id=\"8e811c9\" data-element_type=\"widget\" data-e-type=\"widget\" data-widget_type=\"text-editor.default\">\n\t\t\t\t<div class=\"elementor-widget-container\">\n\t\t\t\t\t\t\t\t\t<p><span style=\"font-weight: 400;\">It is open to African members wishing to create local sections. We are looking for a minimum of three interested members, from the industry. Government agencies or related academia. A special application must be sent, and membership will be evaluated based on several criteria, including the qualifications of the three-person board, adherence to AIot Africa's values \u200b\u200band mission, and diversity of applicants.<\/span><\/p>\t\t\t\t\t\t\t\t<\/div>\n\t\t\t\t<\/div>\n\t\t\t\t<\/div>\n\t\t\t\t\t<\/div>\n\t\t\t\t<\/div>\n\t\t<div class=\"elementor-element elementor-element-674a0e9 e-flex e-con-boxed e-con e-parent\" data-id=\"674a0e9\" data-element_type=\"container\" data-e-type=\"container\">\n\t\t\t\t\t<div class=\"e-con-inner\">\n\t\t\t\t<div class=\"elementor-element elementor-element-3f3f70d elementor-widget elementor-widget-shortcode\" data-id=\"3f3f70d\" data-element_type=\"widget\" data-e-type=\"widget\" data-widget_type=\"shortcode.default\">\n\t\t\t\t<div class=\"elementor-widget-container\">\n\t\t\t\t\t\t\t<div class=\"elementor-shortcode\">\n<table id=\"tablepress-1\" class=\"tablepress tablepress-id-1\">\n<thead>\n<tr class=\"row-1\">\n\t<th class=\"column-1\">Membership Type AIoT Africa <\/th><th class=\"column-2\">Standard Membership Fee<\/th><th class=\"column-3\">Educational Membership Fee<\/th><th class=\"column-4\">Cotisation Entreprise<\/th>\n<\/tr>\n<\/thead>\n<tbody class=\"row-striping row-hover\">\n<tr class=\"row-2\">\n\t<td class=\"column-1\">Moroccan Dirham (MAD)<\/td><td class=\"column-2\">300 MAD<\/td><td class=\"column-3\">100 MAD<\/td><td class=\"column-4\">1,500 MAD<\/td>\n<\/tr>\n<tr class=\"row-3\">\n\t<td class=\"column-1\">West African CFA Franc (XOF)<\/td><td class=\"column-2\">20,000 XOF<\/td><td class=\"column-3\">6,500 XOF<\/td><td class=\"column-4\">100,000 XOF<\/td>\n<\/tr>\n<tr class=\"row-4\">\n\t<td class=\"column-1\">Nigerian Naira (NGN)<\/td><td class=\"column-2\">9,000 NGN<\/td><td class=\"column-3\">3,000 NGN<\/td><td class=\"column-4\">45,000 NGN<\/td>\n<\/tr>\n<tr class=\"row-5\">\n\t<td class=\"column-1\">Egyptian Pound (EGP)<\/td><td class=\"column-2\">900 EGP<\/td><td class=\"column-3\">300 EGP<\/td><td class=\"column-4\">4,500 EGP<\/td>\n<\/tr>\n<tr class=\"row-6\">\n\t<td class=\"column-1\">Brazilian Real (BRL)<\/td><td class=\"column-2\">150 BRL<\/td><td class=\"column-3\">50 BRL<\/td><td class=\"column-4\">750 BRL<\/td>\n<\/tr>\n<tr class=\"row-7\">\n\t<td class=\"column-1\">Kenyan Shilling (KES)<\/td><td class=\"column-2\">4,500 KES<\/td><td class=\"column-3\">1,500 KES<\/td><td class=\"column-4\">22,500 KES<\/td>\n<\/tr>\n<tr class=\"row-8\">\n\t<td class=\"column-1\">South African Rand (ZAR)<\/td><td class=\"column-2\">500 ZAR<\/td><td class=\"column-3\">170 ZAR<\/td><td class=\"column-4\">2,500 ZAR<\/td>\n<\/tr>\n<tr class=\"row-9\">\n\t<td class=\"column-1\">Ghanaian Cedi (GHS)<\/td><td class=\"column-2\">25 GHS<\/td><td class=\"column-3\">8 GHS<\/td><td class=\"column-4\">130 GHS<\/td>\n<\/tr>\n<tr class=\"row-10\">\n\t<td class=\"column-1\">Sudanese Pound (SDG)<\/td><td class=\"column-2\">55,000 SDG<\/td><td class=\"column-3\">18,500 SDG<\/td><td class=\"column-4\">275,000 SDG<\/td>\n<\/tr>\n<tr class=\"row-11\">\n\t<td class=\"column-1\">Namibian Dollar (NAD)<\/td><td class=\"column-2\">500 NAD<\/td><td class=\"column-3\">170 NAD<\/td><td class=\"column-4\">2,500 NAD<\/td>\n<\/tr>\n<tr class=\"row-12\">\n\t<td class=\"column-1\">Rwandan Franc (RWF)<\/td><td class=\"column-2\">33,000 RWF<\/td><td class=\"column-3\">11,000 RWF<\/td><td class=\"column-4\">170,000 RWF<\/td>\n<\/tr>\n<tr class=\"row-13\">\n\t<td class=\"column-1\">Ugandan Shilling (UGX)<\/td><td class=\"column-2\">105,000 UGX<\/td><td class=\"column-3\">35,000 UGX<\/td><td class=\"column-4\">525,000 UGX<\/td>\n<\/tr>\n<tr class=\"row-14\">\n\t<td class=\"column-1\">Zambian Kwacha (ZMW)<\/td><td class=\"column-2\">150 ZMW<\/td><td class=\"column-3\">50 ZMW<\/td><td class=\"column-4\">750 ZMW<\/td>\n<\/tr>\n<tr class=\"row-15\">\n\t<td class=\"column-1\">Gambian Dalasi (GMD)<\/td><td class=\"column-2\">1,500 GMD<\/td><td class=\"column-3\">500 GMD<\/td><td class=\"column-4\">7,500 GMD<\/td>\n<\/tr>\n<tr class=\"row-16\">\n\t<td class=\"column-1\">Malawian Kwacha (MWK)<\/td><td class=\"column-2\">230 MWK<\/td><td class=\"column-3\">75 MWK<\/td><td class=\"column-4\">1,150 MWK<\/td>\n<\/tr>\n<tr class=\"row-17\">\n\t<td class=\"column-1\">Liberian Dollar (LRD)<\/td><td class=\"column-2\">2,000 LRD<\/td><td class=\"column-3\">700 LRD<\/td><td class=\"column-4\">10,000 LRD<\/td>\n<\/tr>\n<tr class=\"row-18\">\n\t<td class=\"column-1\">Burundian Franc (BIF)<\/td><td class=\"column-2\">510,000 BIF<\/td><td class=\"column-3\">170,000 BIF<\/td><td class=\"column-4\">2,550,000 BIF<\/td>\n<\/tr>\n<tr class=\"row-19\">\n\t<td class=\"column-1\">Mauritanian Ouguiya (MRU)<\/td><td class=\"column-2\">1,000 MRU<\/td><td class=\"column-3\">330 MRU<\/td><td class=\"column-4\">5,000 MRU<\/td>\n<\/tr>\n<tr class=\"row-20\">\n\t<td class=\"column-1\">Guinean Franc (GNF)<\/td><td class=\"column-2\">240,000 GNF<\/td><td class=\"column-3\">80,000 GNF<\/td><td class=\"column-4\">1,200,000 GNF<\/td>\n<\/tr>\n<tr class=\"row-21\">\n\t<td class=\"column-1\">Tanzanian Shilling (TZS)<\/td><td class=\"column-2\">70,000 TZS<\/td><td class=\"column-3\">23,000 TZS<\/td><td class=\"column-4\">350,000 TZS<\/td>\n<\/tr>\n<tr class=\"row-22\">\n\t<td class=\"column-1\">US Dollar (USD)<\/td><td class=\"column-2\">30 USD<\/td><td class=\"column-3\">10 USD<\/td><td class=\"column-4\">150 USD<\/td>\n<\/tr>\n<tr class=\"row-23\">\n\t<td class=\"column-1\">Euro (EUR)<\/td><td class=\"column-2\">28 EUR<\/td><td class=\"column-3\">9 EUR<\/td><td class=\"column-4\">140 EUR<\/td>\n<\/tr>\n<tr class=\"row-24\">\n\t<td class=\"column-1\">Canadian Dollar (CAD)<\/td><td class=\"column-2\">40 CAD<\/td><td class=\"column-3\">13 CAD<\/td><td class=\"column-4\">200 CAD<\/td>\n<\/tr>\n<\/tbody>\n<\/table>\n<!-- #tablepress-1 from cache --><\/div>\n\t\t\t\t\t\t<\/div>\n\t\t\t\t<\/div>\n\t\t\t\t\t<\/div>\n\t\t\t\t<\/div>\n\t\t\t\t<\/div>","protected":false},"excerpt":{"rendered":"<p>Inscription Adh\u00e9sion \u00e0 AIoT Africa L&rsquo;adh\u00e9sion est ouverte \u00e0 tous.Le tarif de base est de 200 dirhams marocains pour l&rsquo;adh\u00e9sion [&hellip;]<\/p>\n","protected":false},"author":1,"featured_media":0,"parent":0,"menu_order":0,"comment_status":"closed","ping_status":"closed","template":"","meta":{"_coblocks_attr":"","_coblocks_dimensions":"","_coblocks_responsive_height":"","_coblocks_accordion_ie_support":"","site-sidebar-layout":"no-sidebar","site-content-layout":"","ast-site-content-layout":"full-width-container","site-content-style":"default","site-sidebar-style":"default","ast-global-header-display":"","ast-banner-title-visibility":"","ast-main-header-display":"","ast-hfb-above-header-display":"","ast-hfb-below-header-display":"","ast-hfb-mobile-header-display":"","site-post-title":"disabled","ast-breadcrumbs-content":"","ast-featured-img":"disabled","footer-sml-layout":"","ast-disable-related-posts":"","theme-transparent-header-meta":"","adv-header-id-meta":"","stick-header-meta":"","header-above-stick-meta":"","header-main-stick-meta":"","header-below-stick-meta":"","astra-migrate-meta-layouts":"default","ast-page-background-enabled":"default","ast-page-background-meta":{"desktop":{"background-color":"var(--ast-global-color-4)","background-image":"","background-repeat":"repeat","background-position":"center center","background-size":"auto","background-attachment":"scroll","background-type":"","background-media":"","overlay-type":"","overlay-color":"","overlay-opacity":"","overlay-gradient":""},"tablet":{"background-color":"","background-image":"","background-repeat":"repeat","background-position":"center center","background-size":"auto","background-attachment":"scroll","background-type":"","background-media":"","overlay-type":"","overlay-color":"","overlay-opacity":"","overlay-gradient":""},"mobile":{"background-color":"","background-image":"","background-repeat":"repeat","background-position":"center center","background-size":"auto","background-attachment":"scroll","background-type":"","background-media":"","overlay-type":"","overlay-color":"","overlay-opacity":"","overlay-gradient":""}},"ast-content-background-meta":{"desktop":{"background-color":"var(--ast-global-color-5)","background-image":"","background-repeat":"repeat","background-position":"center center","background-size":"auto","background-attachment":"scroll","background-type":"","background-media":"","overlay-type":"","overlay-color":"","overlay-opacity":"","overlay-gradient":""},"tablet":{"background-color":"var(--ast-global-color-5)","background-image":"","background-repeat":"repeat","background-position":"center center","background-size":"auto","background-attachment":"scroll","background-type":"","background-media":"","overlay-type":"","overlay-color":"","overlay-opacity":"","overlay-gradient":""},"mobile":{"background-color":"var(--ast-global-color-5)","background-image":"","background-repeat":"repeat","background-position":"center center","background-size":"auto","background-attachment":"scroll","background-type":"","background-media":"","overlay-type":"","overlay-color":"","overlay-opacity":"","overlay-gradient":""}},"footnotes":""},"class_list":["post-47","page","type-page","status-publish","hentry"],"_links":{"self":[{"href":"https:\/\/aiotafrica.org\/en\/wp-json\/wp\/v2\/pages\/47","targetHints":{"allow":["GET"]}}],"collection":[{"href":"https:\/\/aiotafrica.org\/en\/wp-json\/wp\/v2\/pages"}],"about":[{"href":"https:\/\/aiotafrica.org\/en\/wp-json\/wp\/v2\/types\/page"}],"author":[{"embeddable":true,"href":"https:\/\/aiotafrica.org\/en\/wp-json\/wp\/v2\/users\/1"}],"replies":[{"embeddable":true,"href":"https:\/\/aiotafrica.org\/en\/wp-json\/wp\/v2\/comments?post=47"}],"version-history":[{"count":107,"href":"https:\/\/aiotafrica.org\/en\/wp-json\/wp\/v2\/pages\/47\/revisions"}],"predecessor-version":[{"id":1850,"href":"https:\/\/aiotafrica.org\/en\/wp-json\/wp\/v2\/pages\/47\/revisions\/1850"}],"wp:attachment":[{"href":"https:\/\/aiotafrica.org\/en\/wp-json\/wp\/v2\/media?parent=47"}],"curies":[{"name":"wp","href":"https:\/\/api.w.org\/{rel}","templated":true}]}}