{"id":30,"date":"2024-10-21T19:07:58","date_gmt":"2024-10-21T19:07:58","guid":{"rendered":"https:\/\/aiotafrica.org\/?page_id=30"},"modified":"2025-02-11T20:11:38","modified_gmt":"2025-02-11T20:11:38","slug":"carrieres","status":"publish","type":"page","link":"https:\/\/aiotafrica.org\/en\/carrieres\/","title":{"rendered":"CARRI\u00c8RES"},"content":{"rendered":"\t\t<div data-elementor-type=\"wp-page\" data-elementor-id=\"30\" class=\"elementor elementor-30\" data-elementor-post-type=\"page\">\n\t\t\t\t<div class=\"elementor-element elementor-element-ec06be9 e-con-full e-flex e-con e-parent\" data-id=\"ec06be9\" data-element_type=\"container\" data-e-type=\"container\">\n\t\t\t\t<div class=\"elementor-element elementor-element-d6a9ad9 elementor-widget elementor-widget-image\" data-id=\"d6a9ad9\" data-element_type=\"widget\" data-e-type=\"widget\" data-widget_type=\"image.default\">\n\t\t\t\t<div class=\"elementor-widget-container\">\n\t\t\t\t\t\t\t\t\t\t\t\t\t\t\t<img fetchpriority=\"high\" decoding=\"async\" width=\"800\" height=\"457\" src=\"https:\/\/aiotafrica.org\/wp-content\/uploads\/2025\/01\/AIoT-Africa.png\" class=\"attachment-full size-full wp-image-538\" alt=\"AIoT Africa\" srcset=\"https:\/\/aiotafrica.org\/wp-content\/uploads\/2025\/01\/AIoT-Africa.png 800w, https:\/\/aiotafrica.org\/wp-content\/uploads\/2025\/01\/AIoT-Africa-300x171.png 300w, https:\/\/aiotafrica.org\/wp-content\/uploads\/2025\/01\/AIoT-Africa-768x439.png 768w, https:\/\/aiotafrica.org\/wp-content\/uploads\/2025\/01\/AIoT-Africa-18x10.png 18w\" sizes=\"(max-width: 800px) 100vw, 800px\" \/>\t\t\t\t\t\t\t\t\t\t\t\t\t\t\t<\/div>\n\t\t\t\t<\/div>\n\t\t\t\t<\/div>\n\t\t<div class=\"elementor-element elementor-element-eb8236a e-con-full e-flex e-con e-parent\" data-id=\"eb8236a\" data-element_type=\"container\" data-e-type=\"container\">\n\t\t<div class=\"elementor-element elementor-element-305d897 e-con-full e-flex e-con e-child\" data-id=\"305d897\" data-element_type=\"container\" data-e-type=\"container\">\n\t\t<div class=\"elementor-element elementor-element-64381f3 e-con-full e-flex e-con e-child\" data-id=\"64381f3\" data-element_type=\"container\" data-e-type=\"container\">\n\t\t\t\t<div class=\"elementor-element elementor-element-8cb42db elementor-widget elementor-widget-heading\" data-id=\"8cb42db\" data-element_type=\"widget\" data-e-type=\"widget\" data-widget_type=\"heading.default\">\n\t\t\t\t<div class=\"elementor-widget-container\">\n\t\t\t\t\t<h2 class=\"elementor-heading-title elementor-size-default\">Rejoignez AIoTAfrica et contribuez \u00e0 fa\u00e7onner l'avenir de l'IA et de l'IoT en Afrique !<\/h2>\t\t\t\t<\/div>\n\t\t\t\t<\/div>\n\t\t\t\t<\/div>\n\t\t<div class=\"elementor-element elementor-element-5c17b96 e-con-full e-flex e-con e-child\" data-id=\"5c17b96\" data-element_type=\"container\" data-e-type=\"container\">\n\t\t\t\t<div class=\"elementor-element elementor-element-eb75827 elementor-widget elementor-widget-text-editor\" data-id=\"eb75827\" data-element_type=\"widget\" data-e-type=\"widget\" data-widget_type=\"text-editor.default\">\n\t\t\t\t<div class=\"elementor-widget-container\">\n\t\t\t\t\t\t\t\t\t<p>AIoTAfrica est \u00e0 la recherche de talents motiv\u00e9s et passionn\u00e9s pour rejoindre notre mission : promouvoir l\u2019innovation, les meilleures pratiques et l\u2019utilisation de l\u2019intelligence artificielle (IA) et de l\u2019Internet des objets (IoT) en Afrique.<\/p><p><b>Postulez maintenant !<\/b><br \/>Nous invitons les professionnels, chercheurs et \u00e9tudiants \u00e0 envoyer :<\/p><ul><li><b>Un CV \u00e0 jour<\/b><\/li><li><b>Une lettre de motivation<\/b> expliquant vos int\u00e9r\u00eats, vos comp\u00e9tences et comment vous souhaitez contribuer \u00e0 nos projets.<\/li><\/ul><p>Envoyez votre candidature \u00e0 <b>info@aiotafrica.org<\/b> avec le titre de l\u2019objet : <b>Candidature AIoTAfrica \u2013 [Votre Nom]<\/b>.<br \/>Rejoignez une \u00e9quipe internationale qui travaille sur des projets innovants dans les domaines de l\u2019AIoT, des capteurs, des technologies 5G et LoRaWAN, ainsi que la cybers\u00e9curit\u00e9 blockchain.<\/p><p><b>Faites partie de la r\u00e9volution technologique en Afrique !<\/b><\/p>\t\t\t\t\t\t\t\t<\/div>\n\t\t\t\t<\/div>\n\t\t\t\t<\/div>\n\t\t\t\t<\/div>\n\t\t\t\t<\/div>\n\t\t\t\t<\/div>\n\t\t","protected":false},"excerpt":{"rendered":"<p>Rejoignez AIoTAfrica et contribuez \u00e0 fa\u00e7onner l&rsquo;avenir de l&rsquo;IA et de l&rsquo;IoT en Afrique ! AIoTAfrica est \u00e0 la recherche [&hellip;]<\/p>\n","protected":false},"author":1,"featured_media":0,"parent":0,"menu_order":0,"comment_status":"closed","ping_status":"closed","template":"","meta":{"_coblocks_attr":"","_coblocks_dimensions":"","_coblocks_responsive_height":"","_coblocks_accordion_ie_support":"","site-sidebar-layout":"no-sidebar","site-content-layout":"","ast-site-content-layout":"full-width-container","site-content-style":"default","site-sidebar-style":"default","ast-global-header-display":"","ast-banner-title-visibility":"","ast-main-header-display":"","ast-hfb-above-header-display":"","ast-hfb-below-header-display":"","ast-hfb-mobile-header-display":"","site-post-title":"disabled","ast-breadcrumbs-content":"","ast-featured-img":"disabled","footer-sml-layout":"","ast-disable-related-posts":"","theme-transparent-header-meta":"","adv-header-id-meta":"","stick-header-meta":"","header-above-stick-meta":"","header-main-stick-meta":"","header-below-stick-meta":"","astra-migrate-meta-layouts":"default","ast-page-background-enabled":"default","ast-page-background-meta":{"desktop":{"background-color":"var(--ast-global-color-4)","background-image":"","background-repeat":"repeat","background-position":"center center","background-size":"auto","background-attachment":"scroll","background-type":"","background-media":"","overlay-type":"","overlay-color":"","overlay-opacity":"","overlay-gradient":""},"tablet":{"background-color":"","background-image":"","background-repeat":"repeat","background-position":"center center","background-size":"auto","background-attachment":"scroll","background-type":"","background-media":"","overlay-type":"","overlay-color":"","overlay-opacity":"","overlay-gradient":""},"mobile":{"background-color":"","background-image":"","background-repeat":"repeat","background-position":"center center","background-size":"auto","background-attachment":"scroll","background-type":"","background-media":"","overlay-type":"","overlay-color":"","overlay-opacity":"","overlay-gradient":""}},"ast-content-background-meta":{"desktop":{"background-color":"var(--ast-global-color-5)","background-image":"","background-repeat":"repeat","background-position":"center center","background-size":"auto","background-attachment":"scroll","background-type":"","background-media":"","overlay-type":"","overlay-color":"","overlay-opacity":"","overlay-gradient":""},"tablet":{"background-color":"var(--ast-global-color-5)","background-image":"","background-repeat":"repeat","background-position":"center center","background-size":"auto","background-attachment":"scroll","background-type":"","background-media":"","overlay-type":"","overlay-color":"","overlay-opacity":"","overlay-gradient":""},"mobile":{"background-color":"var(--ast-global-color-5)","background-image":"","background-repeat":"repeat","background-position":"center center","background-size":"auto","background-attachment":"scroll","background-type":"","background-media":"","overlay-type":"","overlay-color":"","overlay-opacity":"","overlay-gradient":""}},"footnotes":""},"class_list":["post-30","page","type-page","status-publish","hentry"],"_links":{"self":[{"href":"https:\/\/aiotafrica.org\/en\/wp-json\/wp\/v2\/pages\/30","targetHints":{"allow":["GET"]}}],"collection":[{"href":"https:\/\/aiotafrica.org\/en\/wp-json\/wp\/v2\/pages"}],"about":[{"href":"https:\/\/aiotafrica.org\/en\/wp-json\/wp\/v2\/types\/page"}],"author":[{"embeddable":true,"href":"https:\/\/aiotafrica.org\/en\/wp-json\/wp\/v2\/users\/1"}],"replies":[{"embeddable":true,"href":"https:\/\/aiotafrica.org\/en\/wp-json\/wp\/v2\/comments?post=30"}],"version-history":[{"count":59,"href":"https:\/\/aiotafrica.org\/en\/wp-json\/wp\/v2\/pages\/30\/revisions"}],"predecessor-version":[{"id":1832,"href":"https:\/\/aiotafrica.org\/en\/wp-json\/wp\/v2\/pages\/30\/revisions\/1832"}],"wp:attachment":[{"href":"https:\/\/aiotafrica.org\/en\/wp-json\/wp\/v2\/media?parent=30"}],"curies":[{"name":"wp","href":"https:\/\/api.w.org\/{rel}","templated":true}]}}