{"id":27,"date":"2024-10-21T19:07:58","date_gmt":"2024-10-21T19:07:58","guid":{"rendered":"https:\/\/aiotafrica.org\/?page_id=27"},"modified":"2025-02-11T20:12:04","modified_gmt":"2025-02-11T20:12:04","slug":"ressources","status":"publish","type":"page","link":"https:\/\/aiotafrica.org\/en\/ressources\/","title":{"rendered":"RESSOURCES"},"content":{"rendered":"\t\t<div data-elementor-type=\"wp-page\" data-elementor-id=\"27\" class=\"elementor elementor-27\" data-elementor-post-type=\"page\">\n\t\t\t\t<div class=\"elementor-element elementor-element-bf04caa e-con-full e-flex e-con e-parent\" data-id=\"bf04caa\" data-element_type=\"container\" data-e-type=\"container\" data-settings=\"{&quot;background_background&quot;:&quot;slideshow&quot;,&quot;background_slideshow_gallery&quot;:[{&quot;id&quot;:548,&quot;url&quot;:&quot;https:\\\/\\\/xhy.3ee.myftpupload.com\\\/wp-content\\\/uploads\\\/2025\\\/01\\\/office-building-de-AIOT-Africa1.png&quot;}],&quot;background_slideshow_loop&quot;:&quot;yes&quot;,&quot;background_slideshow_slide_duration&quot;:5000,&quot;background_slideshow_slide_transition&quot;:&quot;fade&quot;,&quot;background_slideshow_transition_duration&quot;:500}\">\n\t\t\t\t<div class=\"elementor-element elementor-element-ec72053 elementor-widget elementor-widget-text-editor\" data-id=\"ec72053\" data-element_type=\"widget\" data-e-type=\"widget\" data-widget_type=\"text-editor.default\">\n\t\t\t\t<div class=\"elementor-widget-container\">\n\t\t\t\t\t\t\t\t\t<strong>AIoT Africa<\/strong> est une association \u00e0 but non lucratif toujours \u00e0 la recherche de partenariats. Nos ressources sont \u00e0 la disposition de nos membres. Nous cherchons \u00e0 \u00e9largir l&rsquo;association \u00e0 travers l&rsquo;Afrique et \u00e0 \u00e9tablir de nouveaux chapitres. Notre \u00e9quipe est toujours pr\u00eate \u00e0 r\u00e9pondre aux demandes, \u00e0 assister les nouveaux membres dans leurs d\u00e9fis li\u00e9s \u00e0 l&rsquo;AIoT et \u00e0 \u00e9tablir des relations internationales avec d&rsquo;autres associations AIoT ou IoT.\n<\/br><\/br>N&rsquo;h\u00e9sitez pas \u00e0 nous contacter ! Aujourd&rsquo;hui, nous sommes \u00e9tablis au Maroc et nous sommes en train d&rsquo;\u00e9tendre nos chapitres et relations acad\u00e9miques en Mauritanie, Tunisie, Mali, S\u00e9n\u00e9gal, Togo et Canada.\nLorsque ces chapitres ou partenariats seront fermement \u00e9tablis, nous les publierons et fournirons une liste mise \u00e0 jour des contacts.\t\t\t\t\t\t\t\t<\/div>\n\t\t\t\t<\/div>\n\t\t\t\t<\/div>\n\t\t\t\t<\/div>\n\t\t","protected":false},"excerpt":{"rendered":"<p>AIoT Africa est une association \u00e0 but non lucratif toujours \u00e0 la recherche de partenariats. Nos ressources sont \u00e0 la [&hellip;]<\/p>\n","protected":false},"author":1,"featured_media":0,"parent":0,"menu_order":0,"comment_status":"closed","ping_status":"closed","template":"","meta":{"_coblocks_attr":"","_coblocks_dimensions":"","_coblocks_responsive_height":"","_coblocks_accordion_ie_support":"","site-sidebar-layout":"no-sidebar","site-content-layout":"","ast-site-content-layout":"full-width-container","site-content-style":"default","site-sidebar-style":"default","ast-global-header-display":"","ast-banner-title-visibility":"","ast-main-header-display":"","ast-hfb-above-header-display":"","ast-hfb-below-header-display":"","ast-hfb-mobile-header-display":"","site-post-title":"disabled","ast-breadcrumbs-content":"","ast-featured-img":"disabled","footer-sml-layout":"","ast-disable-related-posts":"","theme-transparent-header-meta":"","adv-header-id-meta":"","stick-header-meta":"","header-above-stick-meta":"","header-main-stick-meta":"","header-below-stick-meta":"","astra-migrate-meta-layouts":"default","ast-page-background-enabled":"default","ast-page-background-meta":{"desktop":{"background-color":"var(--ast-global-color-4)","background-image":"","background-repeat":"repeat","background-position":"center center","background-size":"auto","background-attachment":"scroll","background-type":"","background-media":"","overlay-type":"","overlay-color":"","overlay-opacity":"","overlay-gradient":""},"tablet":{"background-color":"","background-image":"","background-repeat":"repeat","background-position":"center center","background-size":"auto","background-attachment":"scroll","background-type":"","background-media":"","overlay-type":"","overlay-color":"","overlay-opacity":"","overlay-gradient":""},"mobile":{"background-color":"","background-image":"","background-repeat":"repeat","background-position":"center center","background-size":"auto","background-attachment":"scroll","background-type":"","background-media":"","overlay-type":"","overlay-color":"","overlay-opacity":"","overlay-gradient":""}},"ast-content-background-meta":{"desktop":{"background-color":"var(--ast-global-color-5)","background-image":"","background-repeat":"repeat","background-position":"center center","background-size":"auto","background-attachment":"scroll","background-type":"","background-media":"","overlay-type":"","overlay-color":"","overlay-opacity":"","overlay-gradient":""},"tablet":{"background-color":"var(--ast-global-color-5)","background-image":"","background-repeat":"repeat","background-position":"center center","background-size":"auto","background-attachment":"scroll","background-type":"","background-media":"","overlay-type":"","overlay-color":"","overlay-opacity":"","overlay-gradient":""},"mobile":{"background-color":"var(--ast-global-color-5)","background-image":"","background-repeat":"repeat","background-position":"center center","background-size":"auto","background-attachment":"scroll","background-type":"","background-media":"","overlay-type":"","overlay-color":"","overlay-opacity":"","overlay-gradient":""}},"footnotes":""},"class_list":["post-27","page","type-page","status-publish","hentry"],"_links":{"self":[{"href":"https:\/\/aiotafrica.org\/en\/wp-json\/wp\/v2\/pages\/27","targetHints":{"allow":["GET"]}}],"collection":[{"href":"https:\/\/aiotafrica.org\/en\/wp-json\/wp\/v2\/pages"}],"about":[{"href":"https:\/\/aiotafrica.org\/en\/wp-json\/wp\/v2\/types\/page"}],"author":[{"embeddable":true,"href":"https:\/\/aiotafrica.org\/en\/wp-json\/wp\/v2\/users\/1"}],"replies":[{"embeddable":true,"href":"https:\/\/aiotafrica.org\/en\/wp-json\/wp\/v2\/comments?post=27"}],"version-history":[{"count":122,"href":"https:\/\/aiotafrica.org\/en\/wp-json\/wp\/v2\/pages\/27\/revisions"}],"predecessor-version":[{"id":1834,"href":"https:\/\/aiotafrica.org\/en\/wp-json\/wp\/v2\/pages\/27\/revisions\/1834"}],"wp:attachment":[{"href":"https:\/\/aiotafrica.org\/en\/wp-json\/wp\/v2\/media?parent=27"}],"curies":[{"name":"wp","href":"https:\/\/api.w.org\/{rel}","templated":true}]}}